{"id":8,"date":"2023-09-07T04:58:42","date_gmt":"2023-09-07T04:58:42","guid":{"rendered":"https:\/\/ocaibalion.cerradowebdesing.com.br\/index.php\/os-preceitos-hermeticos-uma-chave-para-o-conhecimento-oculto\/"},"modified":"2023-09-07T04:58:42","modified_gmt":"2023-09-07T04:58:42","slug":"os-preceitos-hermeticos-uma-chave-para-o-conhecimento-oculto","status":"publish","type":"page","link":"https:\/\/ocaibalion.cerradowebdesing.com.br\/index.php\/os-preceitos-hermeticos-uma-chave-para-o-conhecimento-oculto\/","title":{"rendered":"Os Preceitos Herm\u00e9ticos: Uma Chave para o Conhecimento Oculto"},"content":{"rendered":"<h1>Introdu\u00e7\u00e3o<\/h1>\n<p>Temos grande prazer em apresentar aos estudantes e investigadores da Doutrina Secreta esta pequena obra baseada nos Preceitos herm\u00e9ticos do mundo antigo. Existem poucos escritos sobre este assunto apesar das in\u00fameras refer\u00eancias feitas pelos ocultistas aos Preceitos que expomos, de modo que por isso esperamos que os investigadores dos Arcanos da Verdade saber\u00e3o dar bom acolhimento ao livro que agora aparece.<\/p>\n<p>O fim desta obra n\u00e3o \u00e9 a enuncia\u00e7\u00e3o de uma filosofia ou doutrina especial, mas sim fornecer aos estudantes uma exposi\u00e7\u00e3o da Verdade que servir\u00e1 para reconciliar os fragmentos do conhecimento oculto que adquiriram, mas que s\u00e3o aparentemente opostos uns aos outros e que s\u00f3 servem para desanimar \u00e9 desgostar o principiante neste estudo.<\/p>\n<p>O nosso intento n\u00e3o \u00e9 construir um novo Templo de Conhecimento, mas sim colocar nas m\u00e3os do estudante uma ChaveMestra com que possa abrir todas as portas internas que conduzem ao Templo do Mist\u00e9rio cujos portais j\u00e1 entrou.<\/p>\n<p>Nenhum fragmento dos conhecimentos ocultos possu\u00eddos pelo mundo foi t\u00e3o zelosamente guardado como os fragmentos dos Preceitos herm\u00e9ticos que chegaram &#8211; at\u00e9 n\u00f3s atrav\u00e9s dos s\u00e9culos passados desde o tempo do seu grande estabelecedor, Hermes Trismegisto, o mensageiro dos deuses, que viveu no antigo Egito quando a atual ra\u00e7a humana estava em sua inf\u00e2ncia.<\/p>\n<p>Contempor\u00e2neo de Abra\u00e3o e se for verdadeira a lenda, instrutor deste vener\u00e1vel s\u00e1bio, Hermes foi e \u00e9 o Grande Sol Central do Ocultismo, cujos raios t\u00eam iluminado todos os ensinamentos que foram publicados desde o seu tempo. Todos os preceitos fundamentais e b\u00e1sicos introduzidos nos ensinos esot\u00e9ricos de cada ra\u00e7a foram formulados por Hermes. Mesmo os mais antigos preceitos da \u00edndia tiveram indubitavelmente a sua fonte nos Preceitos herm\u00e9ticos originais.<\/p>\n<p>Da terra do Ganges muitos mestres avan\u00e7ados se dirigiram para o pa\u00eds do Egito para se prostrarem aos p\u00e9s do Mestre. Dele obtiveram a Chave-Mestra que explicava e reconciliava os seus diferentes pontos de vista, e assim a Doutrina Secreta ficou firmemente estabelecida. De outros pa\u00edses tamb\u00e9m vieram muitos s\u00e1bios, que consideravam Hermes como o Mestre dos Mestres; e a sua influ\u00eancia foi t\u00e3o grande que, apesar dos numerosos desvios de caminho de centenas de instrutores desses diferentes pa\u00edses, ainda se pode facilmente encontrar uma certa semelhan\u00e7a e correspond\u00eancia nas muitas e divergentes teorias admitidas e combatidas pelos ocultistas de diferentes pa\u00edses atuais.<\/p>\n<p>Os estudantes de Religi\u00f5es comparadas compreender\u00e3o facilmente a influ\u00eancia dos Preceitos herm\u00e9ticos em qualquer religi\u00e3o merecedora deste nome, quer seja uma religi\u00e3o apenas conhecida atualmente, quer seja uma religi\u00e3o morta, ou uma religi\u00e3o cheia de vida no nosso pr\u00f3prio tempo. Existe sempre uma correspond\u00eancia entre elas, apesar das apar\u00eancias contradit\u00f3rias, e os Preceitos herm\u00e9ticos s\u00e3o como que o seu grande Conciliador.<\/p>\n<p>A obra de Hermes parece ter sido feita com o fim de plantar a grande VerdadeSemente que se desenvolveu e germinou em tantas formas estranhas, mais depressa do que se teria estabelecido uma escola de filosofia que dominasse o pensamento do mundo. Todavia as verdades originais ensinadas por ele foram conservadas intatas na sua pureza original, por um pequeno n\u00famero de homens, que, recusando grande parte de estudantes e disc\u00edpulos pouco desenvolvidos, seguiram o costume herm\u00e9tico e reservaram as suas verdades para os poucos que estavam preparados para compreend\u00ea-las e dirigi-Ias.<\/p>\n<p>Dos l\u00e1bios aos Ouvidos a verdade tem sido transmitida entre esses poucos. Sempre existiram, em cada gera\u00e7\u00e3o e em v\u00e1rios pa\u00edses da terra, alguns Iniciados que conservaram viva a sagrada chama dos Preceitos herm\u00e9ticos, e sempre empregaram as suas l\u00e2mpadas para reacender as l\u00e2mpadas menores do mundo profano, quando a luz da verdade come\u00e7ava a escurecer e a apagar-se por causa da sua neglig\u00eancia, e os seus pavios ficavam embara\u00e7ados com subst\u00e2ncias estranhas.<\/p>\n<p>Existiu sempre um punhado de homens Para cuidar do altar da Verdade, em que mantiveram sempre acesa a L\u00e2mpada Perp\u00e9tua da Sabedoria. Estes homens dedicaram a sua vida a esse trabalho de amor que o poeta muito bem descreveu nestas linhas:<\/p>\n<blockquote>\n<p>&#8220;Oh! n\u00e3o deixeis apagar a chama!<br \/>Mantida<br \/>De s\u00e9culo em s\u00e9culo<br \/>Nesta escura caverna,<br \/>Neste templo sagrado!<br \/>Sustentada por puros ministros do amor!<br \/>N\u00e3o deixeis apagar esta divina chama!&#8221;<\/p>\n<\/blockquote>\n","protected":false},"excerpt":{"rendered":"<p>Introdu\u00e7\u00e3o Temos grande prazer em apresentar aos estudantes e investigadores da Doutrina Secreta esta pequena obra baseada nos Preceitos herm\u00e9ticos [&hellip;]<\/p>\n","protected":false},"author":1,"featured_media":0,"parent":0,"menu_order":0,"comment_status":"closed","ping_status":"closed","template":"","meta":{"footnotes":""},"_links":{"self":[{"href":"https:\/\/ocaibalion.cerradowebdesing.com.br\/index.php\/wp-json\/wp\/v2\/pages\/8"}],"collection":[{"href":"https:\/\/ocaibalion.cerradowebdesing.com.br\/index.php\/wp-json\/wp\/v2\/pages"}],"about":[{"href":"https:\/\/ocaibalion.cerradowebdesing.com.br\/index.php\/wp-json\/wp\/v2\/types\/page"}],"author":[{"embeddable":true,"href":"https:\/\/ocaibalion.cerradowebdesing.com.br\/index.php\/wp-json\/wp\/v2\/users\/1"}],"replies":[{"embeddable":true,"href":"https:\/\/ocaibalion.cerradowebdesing.com.br\/index.php\/wp-json\/wp\/v2\/comments?post=8"}],"version-history":[{"count":0,"href":"https:\/\/ocaibalion.cerradowebdesing.com.br\/index.php\/wp-json\/wp\/v2\/pages\/8\/revisions"}],"wp:attachment":[{"href":"https:\/\/ocaibalion.cerradowebdesing.com.br\/index.php\/wp-json\/wp\/v2\/media?parent=8"}],"curies":[{"name":"wp","href":"https:\/\/api.w.org\/{rel}","templated":true}]}}