{"id":13,"date":"2023-09-07T11:19:47","date_gmt":"2023-09-07T11:19:47","guid":{"rendered":"https:\/\/ocaibalion.cerradowebdesing.com.br\/?page_id=13"},"modified":"2023-09-07T11:19:48","modified_gmt":"2023-09-07T11:19:48","slug":"o-principio-de-vibracao","status":"publish","type":"page","link":"https:\/\/ocaibalion.cerradowebdesing.com.br\/index.php\/o-principio-de-vibracao\/","title":{"rendered":". O Princ\u00edpio de Vibra\u00e7\u00e3o"},"content":{"rendered":"\n<p>&#8220;Nada est\u00e1 parado; tudo se move;tudo vibra.&#8221; &#8211; O CAIBALION &#8211;<br>Este Princ\u00edpio encerra a verdade que tudo est\u00e1 em movimento: tudo vibra; nada<br>est\u00e1 parado; fato que a Ci\u00eancia moderna observa, e que cada nova descoberta<br>cient\u00edfica tende a confirmar. E contudo este Princ\u00edpio herm\u00e9tico foi enunciado h\u00e1<br>milhares de anos pelos Mestres do antigo Egito.<br>Este Princ\u00edpio explica que as diferen\u00e7as entre as diversas manifesta\u00e7\u00f5es de<br>Mat\u00e9ria, Energia, Mente e Esp\u00edrito, resultam das ordens vari\u00e1veis de Vibra\u00e7\u00e3o.<br>Desde O TODO, que \u00e9 Puro Esp\u00edrito, at\u00e9 a forma mais grosseira da Mat\u00e9ria, tudo<br>est\u00e1 em vibra\u00e7\u00e3o; quanto mais elevada for a vibra\u00e7\u00e3o, tanto mais elevada ser\u00e1 a<br>posi\u00e7\u00e3o na escala. A vibra\u00e7\u00e3o do Esp\u00edrito \u00e9 de uma intensidade e rapidez t\u00e3o<br>infinitas que praticamente ele est\u00e1 parado, como uma roda que se move muito<br>rapidamente parece estar parada.<br>Na extremidade inferior da escala est\u00e3o as grosseiras formas da mat\u00e9ria, cujas<br>vibra\u00e7\u00f5es s\u00e3o t\u00e3o vagarosas que parecem estar paradas. Entre estes p\u00f3los<br>existem milh\u00f5es e milh\u00f5es de graus diferentes de vibra\u00e7\u00e3o. Desde o corp\u00fasculo e<br>o el\u00e9tron, desde o \u00e1tomo e a mol\u00e9cula, at\u00e9 os mundos e universos, tudo est\u00e1 em<br>movimento vibrat\u00f3rio. Isto \u00e9 verdade nos planos da energia e da for\u00e7a (que<br>tamb\u00e9m variam em graus de vibra\u00e7\u00e3o); nos planos mentais (cujos estados<br>dependem das vibra\u00e7\u00f5es), e tamb\u00e9m nos planos espirituais.<br>O conhecimento deste Princ\u00edpio,&#8217; com as f\u00f3rmulas apropriadas, permite ao<br>estudante Hermetista conhecer as suas vibra\u00e7\u00f5es mentais, assim como tamb\u00e9m a<br>dos outros. S\u00f3 os Mestres podem aplicar este Princ\u00edpio para a conquista dos<br>Fen\u00f4menos Naturais, por diversos meios. &#8220;Aquele que compreende o Princ\u00edpio<br>de vibra\u00e7\u00e3o alcan\u00e7ou o cetro do poder&#8221;, diz um escritor antigo.<\/p>\n","protected":false},"excerpt":{"rendered":"<p>&#8220;Nada est\u00e1 parado; tudo se move;tudo vibra.&#8221; &#8211; O CAIBALION &#8211;Este Princ\u00edpio encerra a verdade que tudo est\u00e1 em movimento: [&hellip;]<\/p>\n","protected":false},"author":1,"featured_media":0,"parent":0,"menu_order":0,"comment_status":"closed","ping_status":"closed","template":"","meta":{"footnotes":""},"_links":{"self":[{"href":"https:\/\/ocaibalion.cerradowebdesing.com.br\/index.php\/wp-json\/wp\/v2\/pages\/13"}],"collection":[{"href":"https:\/\/ocaibalion.cerradowebdesing.com.br\/index.php\/wp-json\/wp\/v2\/pages"}],"about":[{"href":"https:\/\/ocaibalion.cerradowebdesing.com.br\/index.php\/wp-json\/wp\/v2\/types\/page"}],"author":[{"embeddable":true,"href":"https:\/\/ocaibalion.cerradowebdesing.com.br\/index.php\/wp-json\/wp\/v2\/users\/1"}],"replies":[{"embeddable":true,"href":"https:\/\/ocaibalion.cerradowebdesing.com.br\/index.php\/wp-json\/wp\/v2\/comments?post=13"}],"version-history":[{"count":1,"href":"https:\/\/ocaibalion.cerradowebdesing.com.br\/index.php\/wp-json\/wp\/v2\/pages\/13\/revisions"}],"predecessor-version":[{"id":14,"href":"https:\/\/ocaibalion.cerradowebdesing.com.br\/index.php\/wp-json\/wp\/v2\/pages\/13\/revisions\/14"}],"wp:attachment":[{"href":"https:\/\/ocaibalion.cerradowebdesing.com.br\/index.php\/wp-json\/wp\/v2\/media?parent=13"}],"curies":[{"name":"wp","href":"https:\/\/api.w.org\/{rel}","templated":true}]}}