{"id":11,"date":"2023-09-07T11:19:04","date_gmt":"2023-09-07T11:19:04","guid":{"rendered":"https:\/\/ocaibalion.cerradowebdesing.com.br\/?page_id=11"},"modified":"2023-09-07T11:19:04","modified_gmt":"2023-09-07T11:19:04","slug":"o-principio-de-correspondencia","status":"publish","type":"page","link":"https:\/\/ocaibalion.cerradowebdesing.com.br\/index.php\/o-principio-de-correspondencia\/","title":{"rendered":". O Principio de Correspond\u00eancia"},"content":{"rendered":"\n<p>&#8220;O que est\u00e1 em cima \u00e9 como o que est\u00e1 embaixo, e o que est\u00e1 embaixo \u00e9 como o<br>que est\u00e1 em cima.&#8221; &#8211; O CAIBALION &#8211;<br>Este Princ\u00edpio cont\u00e9m a verdade que existe uma correspond\u00eancia entre as leis e<br>os fen\u00f4menos dos diversos planos da Exist\u00eancia e da Vida. O velho axioma<br>herm\u00e9tico diz estas palavras: &#8220;O que est\u00e1 em cima \u00e9 como o que est\u00e1 embaixo, e<br>o que est\u00e1 embaixo \u00e9 como o que est\u00e1 em cima.&#8217; A compreens\u00e3o deste Princ\u00edpio<br>d\u00e1 ao homem os meios de explicar muitos paradoxos obscuros e segredos da<br>Natureza. Existem planos fora dos nossos conhecimentos, mas quando lhes<br>aplicamos o Princ\u00edpio de Correspond\u00eancia chegamos a compreender muita coisa<br>que de outro modo nos seria imposs\u00edvel compreender. Este Princ\u00edpio \u00e9 de<br>aplica\u00e7\u00e3o e manifesta\u00e7\u00e3o universal nos diversos planos do universo material,<br>mental e espiritual: \u00e9 uma Lei Universal.<br>Os antigos Hermetistas consideravam este Princ\u00edpio como um dos mais<br>importantes instrumentos mentais, por meio dos quais o homem pode ver al\u00e9m<br>dos obst\u00e1culos que encobrem \u00e0 vista o Desconhecido. O seu uso constante<br>rasgava aos poucos o v\u00e9u de Isis e um vislumbre da face da deusa podia ser<br>percebido. Justamente do mesmo modo que o conhecimento dos Princ\u00edpios da<br>Geometria habilita o homem, enquanto estiver no seu observat\u00f3rio, a medir s\u00f3is<br>long\u00ednquos, assim tamb\u00e9m o conhecimento do Princ\u00edpio de Correspond\u00eancia<br>habilita o Homem a raciocinar inteligentemente,do Conhecido ao Desconhecido.<br>Estudando a m\u00f4nada, ele chega a compreender o arcanjo.<\/p>\n","protected":false},"excerpt":{"rendered":"<p>&#8220;O que est\u00e1 em cima \u00e9 como o que est\u00e1 embaixo, e o que est\u00e1 embaixo \u00e9 como oque est\u00e1 [&hellip;]<\/p>\n","protected":false},"author":1,"featured_media":0,"parent":0,"menu_order":0,"comment_status":"closed","ping_status":"closed","template":"","meta":{"footnotes":""},"_links":{"self":[{"href":"https:\/\/ocaibalion.cerradowebdesing.com.br\/index.php\/wp-json\/wp\/v2\/pages\/11"}],"collection":[{"href":"https:\/\/ocaibalion.cerradowebdesing.com.br\/index.php\/wp-json\/wp\/v2\/pages"}],"about":[{"href":"https:\/\/ocaibalion.cerradowebdesing.com.br\/index.php\/wp-json\/wp\/v2\/types\/page"}],"author":[{"embeddable":true,"href":"https:\/\/ocaibalion.cerradowebdesing.com.br\/index.php\/wp-json\/wp\/v2\/users\/1"}],"replies":[{"embeddable":true,"href":"https:\/\/ocaibalion.cerradowebdesing.com.br\/index.php\/wp-json\/wp\/v2\/comments?post=11"}],"version-history":[{"count":1,"href":"https:\/\/ocaibalion.cerradowebdesing.com.br\/index.php\/wp-json\/wp\/v2\/pages\/11\/revisions"}],"predecessor-version":[{"id":12,"href":"https:\/\/ocaibalion.cerradowebdesing.com.br\/index.php\/wp-json\/wp\/v2\/pages\/11\/revisions\/12"}],"wp:attachment":[{"href":"https:\/\/ocaibalion.cerradowebdesing.com.br\/index.php\/wp-json\/wp\/v2\/media?parent=11"}],"curies":[{"name":"wp","href":"https:\/\/api.w.org\/{rel}","templated":true}]}}